{"id":5,"date":"2021-03-12T16:33:19","date_gmt":"2021-03-12T16:33:19","guid":{"rendered":"https:\/\/lempinen.net\/sami\/?page_id=5"},"modified":"2025-04-07T15:49:53","modified_gmt":"2025-04-07T15:49:53","slug":"create-your-website-with-blocks","status":"publish","type":"page","link":"https:\/\/lempinen.net\/sami\/","title":{"rendered":"Sami Lempinen"},"content":{"rendered":"<p>[et_pb_section fb_built=&#8221;1&#8243; _builder_version=&#8221;4.27.4&#8243; _module_preset=&#8221;default&#8221; background_image=&#8221;https:\/\/lempinen.net\/sami\/wp-content\/uploads\/2025\/01\/eramaa-scaled.jpg&#8221; min_height=&#8221;555.5px&#8221; global_colors_info=&#8221;{}&#8221;][et_pb_row _builder_version=&#8221;4.16&#8243; _module_preset=&#8221;default&#8221; positioning=&#8221;absolute&#8221; position_origin_a=&#8221;bottom_center&#8221; width=&#8221;100%&#8221; max_width=&#8221;2560px&#8221; custom_padding=&#8221;||0px||false|false&#8221; global_colors_info=&#8221;{}&#8221;][et_pb_column type=&#8221;4_4&#8243; _builder_version=&#8221;4.16&#8243; _module_preset=&#8221;default&#8221; global_colors_info=&#8221;{}&#8221;][et_pb_image src=&#8221;https:\/\/lempinen.net\/sami\/wp-content\/uploads\/2025\/03\/Vihreat_Logo_HOR_NEG_FIN_SWE.png&#8221; title_text=&#8221;Vihreat_Logo_HOR_NEG_FIN_SWE&#8221; align=&#8221;right&#8221; _builder_version=&#8221;4.27.4&#8243; _module_preset=&#8221;default&#8221; positioning=&#8221;absolute&#8221; position_origin_a=&#8221;bottom_right&#8221; position_origin_r=&#8221;bottom_right&#8221; position_origin_a_tablet=&#8221;&#8221; position_origin_a_phone=&#8221;&#8221; position_origin_a_last_edited=&#8221;on|desktop&#8221; position_origin_f_tablet=&#8221;&#8221; position_origin_f_phone=&#8221;&#8221; position_origin_f_last_edited=&#8221;on|desktop&#8221; position_origin_r_tablet=&#8221;&#8221; position_origin_r_phone=&#8221;&#8221; position_origin_r_last_edited=&#8221;on|desktop&#8221; width=&#8221;20%&#8221; custom_margin=&#8221;20px|20px|20px|20px|true|true&#8221; positioning_tablet=&#8221;&#8221; positioning_phone=&#8221;&#8221; positioning_last_edited=&#8221;on|desktop&#8221; global_colors_info=&#8221;{}&#8221;][\/et_pb_image][\/et_pb_column][\/et_pb_row][\/et_pb_section][et_pb_section fb_built=&#8221;1&#8243; _builder_version=&#8221;4.16&#8243; _module_preset=&#8221;default&#8221; global_colors_info=&#8221;{}&#8221;][et_pb_row _builder_version=&#8221;4.16&#8243; _module_preset=&#8221;default&#8221; global_colors_info=&#8221;{}&#8221;][et_pb_column type=&#8221;4_4&#8243; _builder_version=&#8221;4.16&#8243; _module_preset=&#8221;default&#8221; global_colors_info=&#8221;{}&#8221;][et_pb_text _builder_version=&#8221;4.27.4&#8243; _module_preset=&#8221;default&#8221; header_font_size=&#8221;5vw&#8221; header_font_size_tablet=&#8221;6vw&#8221; header_font_size_phone=&#8221;10vw&#8221; header_font_size_last_edited=&#8221;on|desktop&#8221; global_colors_info=&#8221;{}&#8221;]<\/p>\n<h1 style=\"text-align: center;\">Kaikille tasa-arvoiset ja turvalliset palvelut digitalisoituvassa yhteiskunnassa<\/h1>\n<p>[\/et_pb_text][et_pb_text _builder_version=&#8221;4.27.4&#8243; _module_preset=&#8221;default&#8221; header_font_size=&#8221;8vw&#8221; header_2_font_size=&#8221;4vw&#8221; header_2_font_size_tablet=&#8221;&#8221; header_2_font_size_phone=&#8221;7vw&#8221; header_2_font_size_last_edited=&#8221;on|phone&#8221; global_colors_info=&#8221;{}&#8221;]<\/p>\n<h2 style=\"text-align: center;\">\u00c4\u00e4nestysnumeroni on 174.<\/h2>\n<p>[\/et_pb_text][et_pb_button button_url=&#8221;https:\/\/vaalit.yle.fi\/vaalikone\/kuntavaalit2025\/114\/ehdokkaat\/9898?language=fi&#8221; button_text=&#8221;Mit\u00e4 olen asioista mielt\u00e4?&#8221; button_alignment=&#8221;center&#8221; disabled_on=&#8221;off|off|off&#8221; _builder_version=&#8221;4.27.4&#8243; _module_preset=&#8221;default&#8221; global_colors_info=&#8221;{}&#8221;][\/et_pb_button][\/et_pb_column][\/et_pb_row][et_pb_row column_structure=&#8221;1_2,1_2&#8243; _builder_version=&#8221;4.27.4&#8243; _module_preset=&#8221;default&#8221; global_colors_info=&#8221;{}&#8221;][et_pb_column type=&#8221;1_2&#8243; _builder_version=&#8221;4.27.4&#8243; _module_preset=&#8221;default&#8221; global_colors_info=&#8221;{}&#8221;][et_pb_text _builder_version=&#8221;4.27.4&#8243; _module_preset=&#8221;default&#8221; global_colors_info=&#8221;{}&#8221;]<\/p>\n<p>Min\u00e4 olen Sami, 53-vuotias kyberturvallisuusasiantuntija ja filosofian maisteri Nurmenkulmalta, Lemp\u00e4\u00e4l\u00e4st\u00e4. Perheeseemme kuuluu vaimoni ja itseni lis\u00e4ksi 17-vuotias tyt\u00e4r. Olen toiminut yritt\u00e4j\u00e4n\u00e4 ohjelmistoalalla yli kymmenen vuotta, erikoisalanani kyberturvallisuus, digitalisaatio ja tietoyhteiskunta yleens\u00e4 sek\u00e4 organisaatioiden toimintojen sujuvoittaminen. Olen yksi <a href=\"https:\/\/cyberismo.com\/\">Cyberismo Oy<\/a>:n perustajista, ja missionamme on tehd\u00e4 digitalisoituvasta maailmasta turvallisempi paikka el\u00e4\u00e4. Olen my\u00f6s sivutoiminen vesist\u00f6matkailuyritt\u00e4j\u00e4, ja operoimme Saaristomerell\u00e4 <a href=\"https:\/\/bergstrand.fi\">vuokrakohdetta<\/a> veneilij\u00f6iden k\u00e4ytt\u00f6\u00f6n.<\/p>\n<p>Olen aikanaan k\u00e4ynyt lukion Lemp\u00e4\u00e4l\u00e4ss\u00e4, ja Tampereen keskustan tuntumassa vietettyjen vuosien j\u00e4lkeen Lemp\u00e4\u00e4l\u00e4 alkoi vet\u00e4\u00e4 perhett\u00e4 taas puoleensa, ja sopivan rakennuspaikan l\u00f6ydytty\u00e4 saimme aikaiseksi omakotitalon mets\u00e4n reunaan, k\u00e4velymatkan p\u00e4\u00e4h\u00e4n Birgitan polun v\u00e4ylist\u00e4 ja laavuista.<\/p>\n<p>Vaikka yritt\u00e4j\u00e4ll\u00e4 ty\u00f6n ja vapaa-ajan raja pyrkii v\u00e4lill\u00e4 olemaan h\u00e4ilyv\u00e4, pyrin rentoutumaan valokuvauksen, purjehduksen, musisoinnin, moottoripy\u00f6r\u00e4ilyn ja puusep\u00e4nt\u00f6iden parissa. Lis\u00e4ksi ohjelmointi on edelleen rakas harrastus, vaikka pyrin sit\u00e4 ty\u00f6ss\u00e4nikin suorittamaan niin paljon kuin mahdollista. Oppiminen ei lopu ikin\u00e4.<\/p>\n<p>Olen arvoiltani liberaali, tasa-arvoista ja kest\u00e4v\u00e4\u00e4 sek\u00e4 ymp\u00e4rist\u00f6tietoista kehityst\u00e4 kannattava ikuinen propellip\u00e4\u00e4 ja n\u00f6rtti.<\/p>\n<p>[\/et_pb_text][\/et_pb_column][et_pb_column type=&#8221;1_2&#8243; _builder_version=&#8221;4.27.4&#8243; _module_preset=&#8221;default&#8221; global_colors_info=&#8221;{}&#8221;][et_pb_text _builder_version=&#8221;4.27.4&#8243; _module_preset=&#8221;default&#8221; global_colors_info=&#8221;{}&#8221;]<\/p>\n<h2>Minulle t\u00e4rke\u00e4t asiat p\u00e4hkin\u00e4nkuoressa<\/h2>\n<p>[\/et_pb_text][et_pb_text _builder_version=&#8221;4.27.4&#8243; _module_preset=&#8221;default&#8221; global_colors_info=&#8221;{}&#8221;]<\/p>\n<ul>\n<li>P\u00e4\u00e4t\u00f6ksenteon avoimuus, l\u00e4pin\u00e4kyvyys ja sujuvuus<\/li>\n<li>Tasa-arvoiset palvelut digitalisoituvassa yhteiskunnassa ik\u00e4\u00e4n ja asemaan katsomatta<\/li>\n<li>Yritt\u00e4misen ja yritystoiminnan menestystekij\u00e4t kuntoon Lemp\u00e4\u00e4l\u00e4ss\u00e4<\/li>\n<li>Disinformaation ja tietoturvauhkien torjuminen<\/li>\n<li>Lemp\u00e4\u00e4l\u00e4n luonto- ja vesist\u00f6matkailupotentiaalin hy\u00f6dynt\u00e4minen kest\u00e4v\u00e4sti<\/li>\n<\/ul>\n<p>[\/et_pb_text][et_pb_blog _builder_version=&#8221;4.27.4&#8243; _module_preset=&#8221;default&#8221; show_thumbnail=&#8221;off&#8221; show_author=&#8221;off&#8221; show_categories=&#8221;off&#8221; meta_font=&#8221;|||on|||||&#8221; hover_enabled=&#8221;0&#8243; sticky_enabled=&#8221;0&#8243;][\/et_pb_blog][\/et_pb_column][\/et_pb_row][et_pb_row column_structure=&#8221;1_2,1_2&#8243; _builder_version=&#8221;4.16&#8243; _module_preset=&#8221;default&#8221; global_colors_info=&#8221;{}&#8221;][et_pb_column type=&#8221;1_2&#8243; _builder_version=&#8221;4.16&#8243; _module_preset=&#8221;default&#8221; global_colors_info=&#8221;{}&#8221;][et_pb_image src=&#8221;https:\/\/lempinen.net\/sami\/wp-content\/uploads\/2021\/03\/DSC0526-HDR-Edit-2-scaled.jpg&#8221; title_text=&#8221;_DSC0526-HDR-Edit-2&#8243; _builder_version=&#8221;4.16&#8243; _module_preset=&#8221;default&#8221; global_colors_info=&#8221;{}&#8221;][\/et_pb_image][\/et_pb_column][et_pb_column type=&#8221;1_2&#8243; _builder_version=&#8221;4.16&#8243; _module_preset=&#8221;default&#8221; global_colors_info=&#8221;{}&#8221;][et_pb_text _builder_version=&#8221;4.16&#8243; _module_preset=&#8221;default&#8221; text_font_size=&#8221;16px&#8221; global_colors_info=&#8221;{}&#8221;]<\/p>\n<h2>Keskustakaupunki tai kaupunkikeskusta<\/h2>\n<p>Lemp\u00e4\u00e4l\u00e4n keskusta on kokenut varsinaisen muodonmuutoksen. Ydintaajaman viihtyvyys ja vetovoimaisuus ovat elint\u00e4rkeit\u00e4 varsinkin alueen yritt\u00e4jille.<\/p>\n<p>Uudistushankkeet tulee suorittaa loppuun kustannustehokkaasti ja nykyisten ja tulevien asukkaiden ehdoilla. Rajujen investointien j\u00e4lkeen keskustan kehitt\u00e4misen tulee olla taloudellisesti kohtuullista, ymp\u00e4rist\u00f6n kannalta kest\u00e4v\u00e4\u00e4 ja ennen kaikkea lemp\u00e4\u00e4l\u00e4l\u00e4isten tarpeiden mukaista.<\/p>\n<p>Keskustan elinvoiman kannalta on t\u00e4rke\u00e4\u00e4 pysty\u00e4 tarjoamaan varsinkin kivijalkayritt\u00e4jille kilpailukykyiset toimintaedellytykset liikekiinteist\u00f6jen ja kulkuyhteyksien puolesta.<\/p>\n<p>&nbsp;<\/p>\n<p>[\/et_pb_text][\/et_pb_column][\/et_pb_row][et_pb_row column_structure=&#8221;1_2,1_2&#8243; _builder_version=&#8221;4.16&#8243; _module_preset=&#8221;default&#8221; global_colors_info=&#8221;{}&#8221;][et_pb_column type=&#8221;1_2&#8243; _builder_version=&#8221;4.16&#8243; _module_preset=&#8221;default&#8221; global_colors_info=&#8221;{}&#8221;][et_pb_text _builder_version=&#8221;4.16&#8243; _module_preset=&#8221;default&#8221; text_font_size=&#8221;16px&#8221; global_colors_info=&#8221;{}&#8221;]<\/p>\n<h2>Enemm\u00e4n maaseutua maaseudulle<\/h2>\n<p>Lemp\u00e4\u00e4l\u00e4n n\u00e4kyvimpi\u00e4 rikkauksia ovat sen keskeinen sijainti Tampereen kyljess\u00e4, Ideaparkin seudun liikekeskittym\u00e4t ja uudistuva keskusta.\u00a0<\/p>\n<p>Toisaalta Lemp\u00e4\u00e4l\u00e4n vieh\u00e4tys perustuu sen maaseutumaisuuteen. Lemp\u00e4\u00e4l\u00e4n nauhataajaman ulkopuolella olevat kyl\u00e4t ovat pirkanmaalaista maaseutua parhaimmillaan, ja kyl\u00e4yhteis\u00f6t, kyl\u00e4yhdistykset ja kyl\u00e4koulut ovat n\u00e4iden alueiden selk\u00e4ranka.<\/p>\n<p>Lemp\u00e4\u00e4l\u00e4\u00e4 ei tule kehitt\u00e4\u00e4 kylien kustannuksella. Kyl\u00e4koulut ovat kyl\u00e4yhteis\u00f6jen tukijalka, ja mahdollistavat maaseutumaisen asumisen my\u00f6s lapsiperheille.<\/p>\n<p>[\/et_pb_text][\/et_pb_column][et_pb_column type=&#8221;1_2&#8243; _builder_version=&#8221;4.16&#8243; _module_preset=&#8221;default&#8221; global_colors_info=&#8221;{}&#8221;][et_pb_image src=&#8221;https:\/\/lempinen.net\/sami\/wp-content\/uploads\/2021\/03\/DJI_0005-scaled.jpg&#8221; title_text=&#8221;DJI_0005&#8243; _builder_version=&#8221;4.16&#8243; _module_preset=&#8221;default&#8221; global_colors_info=&#8221;{}&#8221;][\/et_pb_image][\/et_pb_column][\/et_pb_row][\/et_pb_section]<\/p>\n","protected":false},"excerpt":{"rendered":"<p>Kaikille tasa-arvoiset ja turvalliset palvelut digitalisoituvassa yhteiskunnassa\u00c4\u00e4nestysnumeroni on 174.Min\u00e4 olen Sami, 53-vuotias kyberturvallisuusasiantuntija ja filosofian maisteri Nurmenkulmalta, Lemp\u00e4\u00e4l\u00e4st\u00e4. Perheeseemme kuuluu vaimoni ja itseni lis\u00e4ksi 17-vuotias tyt\u00e4r. Olen toiminut yritt\u00e4j\u00e4n\u00e4 ohjelmistoalalla yli kymmenen vuotta, erikoisalanani kyberturvallisuus, digitalisaatio ja tietoyhteiskunta yleens\u00e4 sek\u00e4 organisaatioiden toimintojen sujuvoittaminen. Olen yksi Cyberismo Oy:n perustajista, ja missionamme on tehd\u00e4 digitalisoituvasta maailmasta turvallisempi [&hellip;]<\/p>\n","protected":false},"author":1,"featured_media":0,"parent":0,"menu_order":0,"comment_status":"closed","ping_status":"closed","template":"","meta":{"_et_pb_use_builder":"on","_et_pb_old_content":"<!-- wp:spacer -->\n<div style=\"height:100px\" aria-hidden=\"true\" class=\"wp-block-spacer\"><\/div>\n<!-- \/wp:spacer -->\n\n<!-- wp:columns {\"verticalAlignment\":\"center\",\"align\":\"wide\",\"className\":\"is-style-twentytwentyone-columns-overlap\"} -->\n<div class=\"wp-block-columns alignwide are-vertically-aligned-center is-style-twentytwentyone-columns-overlap\"><!-- wp:column {\"verticalAlignment\":\"center\"} -->\n<div class=\"wp-block-column is-vertically-aligned-center\"><!-- wp:spacer -->\n<div style=\"height:100px\" aria-hidden=\"true\" class=\"wp-block-spacer\"><\/div>\n<!-- \/wp:spacer --><\/div>\n<!-- \/wp:column -->\n\n<!-- wp:column {\"verticalAlignment\":\"center\"} -->\n<div class=\"wp-block-column is-vertically-aligned-center\"><\/div>\n<!-- \/wp:column --><\/div>\n<!-- \/wp:columns -->\n\n<!-- wp:spacer {\"height\":50} -->\n<div style=\"height:50px\" aria-hidden=\"true\" class=\"wp-block-spacer\"><\/div>\n<!-- \/wp:spacer -->\n\n<!-- wp:columns {\"verticalAlignment\":\"top\",\"align\":\"wide\"} -->\n<div class=\"wp-block-columns alignwide are-vertically-aligned-top\"><!-- wp:column {\"verticalAlignment\":\"top\"} -->\n<div class=\"wp-block-column is-vertically-aligned-top\"><!-- wp:heading {\"level\":3} -->\n<h3>Add block patterns<\/h3>\n<!-- \/wp:heading -->\n\n<!-- wp:paragraph -->\n<p>Block patterns are pre-designed groups of blocks. To add one, select the Add Block button [+] in the toolbar at the top of the editor. Switch to the Patterns tab underneath the search bar, and choose a pattern.<\/p>\n<!-- \/wp:paragraph --><\/div>\n<!-- \/wp:column -->\n\n<!-- wp:column {\"verticalAlignment\":\"top\"} -->\n<div class=\"wp-block-column is-vertically-aligned-top\"><!-- wp:heading {\"level\":3} -->\n<h3>Frame your images<\/h3>\n<!-- \/wp:heading -->\n\n<!-- wp:paragraph -->\n<p>Twenty Twenty-One includes stylish borders for your content. With an Image block selected, open the \"Styles\" panel within the Editor sidebar. Select the \"Frame\" block style to activate it.<\/p>\n<!-- \/wp:paragraph --><\/div>\n<!-- \/wp:column -->\n\n<!-- wp:column {\"verticalAlignment\":\"top\"} -->\n<div class=\"wp-block-column is-vertically-aligned-top\"><!-- wp:heading {\"level\":3} -->\n<h3>Overlap columns<\/h3>\n<!-- \/wp:heading -->\n\n<!-- wp:paragraph -->\n<p>Twenty Twenty-One also includes an overlap style for column blocks. With a Columns block selected, open the \"Styles\" panel within the Editor sidebar. Choose the \"Overlap\" block style to try it out.<\/p>\n<!-- \/wp:paragraph --><\/div>\n<!-- \/wp:column --><\/div>\n<!-- \/wp:columns -->\n\n<!-- wp:spacer -->\n<div style=\"height:100px\" aria-hidden=\"true\" class=\"wp-block-spacer\"><\/div>\n<!-- \/wp:spacer -->\n\n<!-- wp:cover {\"overlayColor\":\"green\",\"contentPosition\":\"center center\",\"align\":\"wide\",\"className\":\"is-style-twentytwentyone-border\"} -->\n<div class=\"wp-block-cover alignwide has-green-background-color has-background-dim is-style-twentytwentyone-border\"><div class=\"wp-block-cover__inner-container\"><!-- wp:spacer {\"height\":20} -->\n<div style=\"height:20px\" aria-hidden=\"true\" class=\"wp-block-spacer\"><\/div>\n<!-- \/wp:spacer -->\n\n<!-- wp:paragraph {\"fontSize\":\"huge\"} -->\n<p class=\"has-huge-font-size\">Need help?<\/p>\n<!-- \/wp:paragraph -->\n\n<!-- wp:spacer {\"height\":75} -->\n<div style=\"height:75px\" aria-hidden=\"true\" class=\"wp-block-spacer\"><\/div>\n<!-- \/wp:spacer -->\n\n<!-- wp:columns -->\n<div class=\"wp-block-columns\"><!-- wp:column -->\n<div class=\"wp-block-column\"><!-- wp:paragraph -->\n<p><a href=\"https:\/\/wordpress.org\/support\/article\/twenty-twenty-one\/\">Read the Theme Documentation<\/a><\/p>\n<!-- \/wp:paragraph --><\/div>\n<!-- \/wp:column -->\n\n<!-- wp:column -->\n<div class=\"wp-block-column\"><!-- wp:paragraph -->\n<p><a href=\"https:\/\/wordpress.org\/support\/theme\/twentytwentyone\/\">Check out the Support Forums<\/a><\/p>\n<!-- \/wp:paragraph --><\/div>\n<!-- \/wp:column --><\/div>\n<!-- \/wp:columns -->\n\n<!-- wp:spacer {\"height\":20} -->\n<div style=\"height:20px\" aria-hidden=\"true\" class=\"wp-block-spacer\"><\/div>\n<!-- \/wp:spacer --><\/div><\/div>\n<!-- \/wp:cover -->","_et_gb_content_width":"","footnotes":""},"class_list":["post-5","page","type-page","status-publish","hentry"],"_links":{"self":[{"href":"https:\/\/lempinen.net\/sami\/wp-json\/wp\/v2\/pages\/5","targetHints":{"allow":["GET"]}}],"collection":[{"href":"https:\/\/lempinen.net\/sami\/wp-json\/wp\/v2\/pages"}],"about":[{"href":"https:\/\/lempinen.net\/sami\/wp-json\/wp\/v2\/types\/page"}],"author":[{"embeddable":true,"href":"https:\/\/lempinen.net\/sami\/wp-json\/wp\/v2\/users\/1"}],"replies":[{"embeddable":true,"href":"https:\/\/lempinen.net\/sami\/wp-json\/wp\/v2\/comments?post=5"}],"version-history":[{"count":45,"href":"https:\/\/lempinen.net\/sami\/wp-json\/wp\/v2\/pages\/5\/revisions"}],"predecessor-version":[{"id":172,"href":"https:\/\/lempinen.net\/sami\/wp-json\/wp\/v2\/pages\/5\/revisions\/172"}],"wp:attachment":[{"href":"https:\/\/lempinen.net\/sami\/wp-json\/wp\/v2\/media?parent=5"}],"curies":[{"name":"wp","href":"https:\/\/api.w.org\/{rel}","templated":true}]}}